{"id":420,"date":"2025-06-27T10:49:53","date_gmt":"2025-06-27T08:49:53","guid":{"rendered":"https:\/\/www.comunicacionesdelonghi.net\/nutribullet\/?page_id=420"},"modified":"2025-08-06T13:11:47","modified_gmt":"2025-08-06T11:11:47","slug":"recetario-activia","status":"publish","type":"page","link":"https:\/\/www.comunicacionesdelonghi.net\/nutribullet\/recetario-activia\/","title":{"rendered":"Landing Recetario Activia"},"content":{"rendered":"<p>[et_pb_section fb_built=\u00bb1&#8243; custom_padding_last_edited=\u00bbon|phone\u00bb _builder_version=\u00bb4.25.0&#8243; _module_preset=\u00bbdefault\u00bb background_color=\u00bb#0087ce\u00bb custom_margin_tablet=\u00bb\u00bb custom_margin_phone=\u00bb||0px||false|false\u00bb custom_margin_last_edited=\u00bbon|phone\u00bb custom_padding=\u00bb39px|||||\u00bb custom_padding_tablet=\u00bb39px|||||\u00bb custom_padding_phone=\u00bb||0px||false|false\u00bb global_colors_info=\u00bb{}\u00bb][et_pb_row column_structure=\u00bb1_2,1_2&#8243; make_equal=\u00bbon\u00bb custom_padding_last_edited=\u00bbon|phone\u00bb disabled_on=\u00bboff|off|off\u00bb _builder_version=\u00bb4.25.0&#8243; _module_preset=\u00bbdefault\u00bb width=\u00bb100%\u00bb max_width=\u00bb2560px\u00bb custom_margin_tablet=\u00bb\u00bb custom_margin_phone=\u00bb0px||||false|false\u00bb custom_margin_last_edited=\u00bbon|phone\u00bb custom_padding_tablet=\u00bb\u00bb custom_padding_phone=\u00bb0px||||false|false\u00bb hover_enabled=\u00bb0&#8243; global_colors_info=\u00bb{}\u00bb sticky_enabled=\u00bb0&#8243;][et_pb_column type=\u00bb1_2&#8243; _builder_version=\u00bb4.25.0&#8243; _module_preset=\u00bbdefault\u00bb global_colors_info=\u00bb{}\u00bb][et_pb_text _builder_version=\u00bb4.25.0&#8243; _module_preset=\u00bbdefault\u00bb header_2_text_align=\u00bbcenter\u00bb header_2_text_color=\u00bb#FFFFFF\u00bb header_2_font_size=\u00bb40px\u00bb custom_margin=\u00bb|||30px|false|false\u00bb header_2_font_size_tablet=\u00bb40px\u00bb header_2_font_size_phone=\u00bb43px\u00bb header_2_font_size_last_edited=\u00bbon|desktop\u00bb global_colors_info=\u00bb{}\u00bb]<\/p>\n<h2 style=\"text-align: center;\">Recetario de verano<\/h2>\n<p>[\/et_pb_text][et_pb_image src=\u00bbhttps:\/\/www.comunicacionesdelonghi.net\/nutribullet\/wp-content\/uploads\/2025\/06\/02_IMAGEN_LANDING-RECETARIO-NUTRIBULLET-X-ACTIVIA-copia.png\u00bb title_text=\u00bb02_IMAGEN_LANDING-RECETARIO-NUTRIBULLET-X-ACTIVIA-copia\u00bb align=\u00bbcenter\u00bb _builder_version=\u00bb4.25.0&#8243; _module_preset=\u00bbdefault\u00bb custom_margin=\u00bb-35px||||false|false\u00bb global_colors_info=\u00bb{}\u00bb][\/et_pb_image][et_pb_image src=\u00bbhttps:\/\/www.comunicacionesdelonghi.net\/nutribullet\/wp-content\/uploads\/2025\/07\/LOGOS_LANDING-RECETARIO-NUTRIBULLET-X-ACTIVIA.png\u00bb title_text=\u00bbLOGOS_LANDING-RECETARIO-NUTRIBULLET-X-ACTIVIA\u00bb align=\u00bbcenter\u00bb _builder_version=\u00bb4.25.0&#8243; _module_preset=\u00bbdefault\u00bb width=\u00bb40%\u00bb width_tablet=\u00bb40%\u00bb width_phone=\u00bb67%\u00bb width_last_edited=\u00bbon|phone\u00bb module_alignment=\u00bbcenter\u00bb global_colors_info=\u00bb{}\u00bb][\/et_pb_image][\/et_pb_column][et_pb_column type=\u00bb1_2&#8243; _builder_version=\u00bb4.25.0&#8243; _module_preset=\u00bbdefault\u00bb global_colors_info=\u00bb{}\u00bb][et_pb_text _builder_version=\u00bb4.25.0&#8243; _module_preset=\u00bbdefault\u00bb text_text_color=\u00bb#FFFFFF\u00bb text_font_size=\u00bb20px\u00bb header_text_color=\u00bb#FFFFFF\u00bb custom_margin=\u00bb|100px|18px|20px|false|false\u00bb custom_margin_tablet=\u00bb|100px|18px|20px|false|false\u00bb custom_margin_phone=\u00bb15px|40px||40px|false|false\u00bb custom_margin_last_edited=\u00bbon|phone\u00bb custom_padding_tablet=\u00bb\u00bb custom_padding_phone=\u00bb\u00bb custom_padding_last_edited=\u00bbon|phone\u00bb global_colors_info=\u00bb{}\u00bb]<\/p>\n<p class=\"p1\">Descubre nuestro nuevo recetario para preparar 6 recetas ideales para este verano con el k\u00e9fir de Activia y tu nutribullet. Reg\u00edstrate en el formulario para descarg\u00e1rtelo.<\/p>\n<p>[\/et_pb_text][et_pb_text _builder_version=\u00bb4.25.0&#8243; _module_preset=\u00bbdefault\u00bb text_text_color=\u00bb#FFFFFF\u00bb text_font_size=\u00bb20px\u00bb header_text_color=\u00bb#FFFFFF\u00bb custom_margin=\u00bb|80px||20px|false|false\u00bb custom_margin_tablet=\u00bb|80px||20px|false|false\u00bb custom_margin_phone=\u00bb|40px||40px|false|false\u00bb custom_margin_last_edited=\u00bbon|phone\u00bb global_colors_info=\u00bb{}\u00bb]<\/p>\n<p class=\"p1\"><\/p>\n<p>[\/et_pb_text][\/et_pb_column][\/et_pb_row][\/et_pb_section]<\/p>\n","protected":false},"excerpt":{"rendered":"<p>Recetario de veranoDescubre nuestro nuevo recetario para preparar 6 recetas ideales para este verano con el k\u00e9fir de Activia y tu nutribullet. Reg\u00edstrate en el formulario para descarg\u00e1rtelo.<\/p>\n","protected":false},"author":1,"featured_media":0,"parent":0,"menu_order":0,"comment_status":"closed","ping_status":"closed","template":"","meta":{"_et_pb_use_builder":"on","_et_pb_old_content":"<!-- wp:divi\/placeholder \/-->","_et_gb_content_width":"","footnotes":""},"class_list":["post-420","page","type-page","status-publish","hentry"],"_links":{"self":[{"href":"https:\/\/www.comunicacionesdelonghi.net\/nutribullet\/wp-json\/wp\/v2\/pages\/420","targetHints":{"allow":["GET"]}}],"collection":[{"href":"https:\/\/www.comunicacionesdelonghi.net\/nutribullet\/wp-json\/wp\/v2\/pages"}],"about":[{"href":"https:\/\/www.comunicacionesdelonghi.net\/nutribullet\/wp-json\/wp\/v2\/types\/page"}],"author":[{"embeddable":true,"href":"https:\/\/www.comunicacionesdelonghi.net\/nutribullet\/wp-json\/wp\/v2\/users\/1"}],"replies":[{"embeddable":true,"href":"https:\/\/www.comunicacionesdelonghi.net\/nutribullet\/wp-json\/wp\/v2\/comments?post=420"}],"version-history":[{"count":11,"href":"https:\/\/www.comunicacionesdelonghi.net\/nutribullet\/wp-json\/wp\/v2\/pages\/420\/revisions"}],"predecessor-version":[{"id":455,"href":"https:\/\/www.comunicacionesdelonghi.net\/nutribullet\/wp-json\/wp\/v2\/pages\/420\/revisions\/455"}],"wp:attachment":[{"href":"https:\/\/www.comunicacionesdelonghi.net\/nutribullet\/wp-json\/wp\/v2\/media?parent=420"}],"curies":[{"name":"wp","href":"https:\/\/api.w.org\/{rel}","templated":true}]}}