{"id":393,"date":"2025-05-05T14:21:08","date_gmt":"2025-05-05T12:21:08","guid":{"rendered":"https:\/\/www.comunicacionesdelonghi.net\/nutribullet\/?page_id=393"},"modified":"2025-10-20T18:08:56","modified_gmt":"2025-10-20T16:08:56","slug":"promo-activia","status":"publish","type":"page","link":"https:\/\/www.comunicacionesdelonghi.net\/nutribullet\/promo-activia\/","title":{"rendered":"Formulario promo Activia Kefir"},"content":{"rendered":"<p>[et_pb_section fb_built=\u00bb1&#8243; _builder_version=\u00bb4.25.0&#8243; _module_preset=\u00bbdefault\u00bb custom_margin=\u00bb0px||||false|false\u00bb custom_padding=\u00bb0px||||false|false\u00bb global_colors_info=\u00bb{}\u00bb][et_pb_row _builder_version=\u00bb4.25.0&#8243; _module_preset=\u00bbdefault\u00bb custom_margin=\u00bb0px||||false|false\u00bb custom_padding=\u00bb0px||||false|false\u00bb global_colors_info=\u00bb{}\u00bb][et_pb_column type=\u00bb4_4&#8243; _builder_version=\u00bb4.25.0&#8243; _module_preset=\u00bbdefault\u00bb global_colors_info=\u00bb{}\u00bb][et_pb_image title_text=\u00bbHEADER-FORMULARIO-PROMO-ACTIVIA-VERANO-2025_1920x1000px\u00bb align=\u00bbcenter\u00bb src_tablet=\u00bbhttps:\/\/www.comunicacionesdelonghi.net\/nutribullet\/wp-content\/uploads\/2025\/03\/01_HEADER-FORMULARIO-PROMO-SORTEO-SUPERPOWER-LAPSO_1920x1000px.jpg\u00bb src_phone=\u00bbhttps:\/\/www.comunicacionesdelonghi.net\/nutribullet\/wp-content\/uploads\/2025\/05\/HEADER-FORMULARIO-PROMO-ACTIVIA-VERANO-2025O_1920x1000px.jpg\u00bb src_last_edited=\u00bbon|phone\u00bb _builder_version=\u00bb4.27.4&#8243; _module_preset=\u00bbdefault\u00bb background_color=\u00bb#bcbcbc\u00bb width=\u00bb100%\u00bb module_alignment=\u00bbcenter\u00bb hover_enabled=\u00bb0&#8243; global_colors_info=\u00bb{}\u00bb sticky_enabled=\u00bb0&#8243;][\/et_pb_image][\/et_pb_column][\/et_pb_row][et_pb_row disabled_on=\u00bbon|on|on\u00bb _builder_version=\u00bb4.25.0&#8243; _module_preset=\u00bbdefault\u00bb custom_padding=\u00bb0px||||false|false\u00bb disabled=\u00bbon\u00bb global_colors_info=\u00bb{}\u00bb][et_pb_column type=\u00bb4_4&#8243; _builder_version=\u00bb4.25.0&#8243; _module_preset=\u00bbdefault\u00bb global_colors_info=\u00bb{}\u00bb][et_pb_text _builder_version=\u00bb4.25.0&#8243; _module_preset=\u00bbdefault\u00bb header_3_text_color=\u00bb#0C71C3&#8243; custom_margin_tablet=\u00bb\u00bb custom_margin_phone=\u00bb||0px||false|false\u00bb custom_margin_last_edited=\u00bbon|phone\u00bb custom_padding_tablet=\u00bb\u00bb custom_padding_phone=\u00bb||0px||false|false\u00bb custom_padding_last_edited=\u00bbon|phone\u00bb global_colors_info=\u00bb{}\u00bb]<\/p>\n<h3>Participa en el sorteo de un a\u00f1o de k\u00e9fir Activia a la semana<\/h3>\n<p class=\"p1\">La promoci\u00f3n ser\u00e1 v\u00e1lida del 5 de mayo al 27 de julio de 2025 para aquellas personas que hayan comprado alguno de estos productos nutribullet: NB907MAW, NB907MAB, NB907CP, NB907MASL, NB907MAJD, NB907MACL, NB907MASN, NB1206DGCC, NBF500DG, NBF550DG, NBF580B, NB910MASN, NB910MACL, NB910MASL, NB910MAJD,\u00a0\u00a0NB904CP,\u00a0\u00a0NB910CP,\u00a0\u00a0NB910MAW,\u00a0\u00a0NB910MAB,\u00a0\u00a0NB910S, NB1004DGB, NB1206MB, NB1206S, NBF520B, NBF500MB, NBF450DG, NB904W, NB904S, NB904RG, NB904B, NB120MB y NB1224DG.<\/p>\n<p class=\"p1\">El sorteo se realizar\u00e1 en 1 de septiembre de 2025.<\/p>\n<p class=\"p1\"><span>Los premios consistir\u00e1n en un lote mensual de productos Activia K\u00e9fir para cada uno de los 12 ganadores (premio anual valorado en 250\u20ac).<\/span><\/p>\n<p class=\"p1\">Cada lote contiene, 2 K\u00e9fir bebible natural, 2 K\u00e9fir bebible mango, 2 K\u00e9fir bebible ar\u00e1ndanos, 2 K\u00e9fir natural, 1 K\u00e9fir fresa-frambuesa, 1 K\u00e9fir melocot\u00f3n-maracuy\u00e1.<\/p>\n<p>[\/et_pb_text][et_pb_text _builder_version=\u00bb4.25.0&#8243; _module_preset=\u00bbdefault\u00bb global_colors_info=\u00bb{}\u00bb]<\/p>\n\n<p>[\/et_pb_text][\/et_pb_column][\/et_pb_row][\/et_pb_section]<\/p>\n","protected":false},"excerpt":{"rendered":"<p>Participa en el sorteo de un a\u00f1o de k\u00e9fir Activia a la semana La promoci\u00f3n ser\u00e1 v\u00e1lida del 5 de mayo al 27 de julio de 2025 para aquellas personas que hayan comprado alguno de estos productos nutribullet: NB907MAW, NB907MAB, NB907CP, NB907MASL, NB907MAJD, NB907MACL, NB907MASN, NB1206DGCC, NBF500DG, NBF550DG, NBF580B, NB910MASN, NB910MACL, NB910MASL, NB910MAJD,\u00a0\u00a0NB904CP,\u00a0\u00a0NB910CP,\u00a0\u00a0NB910MAW,\u00a0\u00a0NB910MAB,\u00a0\u00a0NB910S, NB1004DGB, NB1206MB, [&hellip;]<\/p>\n","protected":false},"author":1,"featured_media":0,"parent":0,"menu_order":0,"comment_status":"closed","ping_status":"closed","template":"","meta":{"_et_pb_use_builder":"on","_et_pb_old_content":"<!-- wp:divi\/placeholder \/-->","_et_gb_content_width":"","footnotes":""},"class_list":["post-393","page","type-page","status-publish","hentry"],"_links":{"self":[{"href":"https:\/\/www.comunicacionesdelonghi.net\/nutribullet\/wp-json\/wp\/v2\/pages\/393","targetHints":{"allow":["GET"]}}],"collection":[{"href":"https:\/\/www.comunicacionesdelonghi.net\/nutribullet\/wp-json\/wp\/v2\/pages"}],"about":[{"href":"https:\/\/www.comunicacionesdelonghi.net\/nutribullet\/wp-json\/wp\/v2\/types\/page"}],"author":[{"embeddable":true,"href":"https:\/\/www.comunicacionesdelonghi.net\/nutribullet\/wp-json\/wp\/v2\/users\/1"}],"replies":[{"embeddable":true,"href":"https:\/\/www.comunicacionesdelonghi.net\/nutribullet\/wp-json\/wp\/v2\/comments?post=393"}],"version-history":[{"count":14,"href":"https:\/\/www.comunicacionesdelonghi.net\/nutribullet\/wp-json\/wp\/v2\/pages\/393\/revisions"}],"predecessor-version":[{"id":467,"href":"https:\/\/www.comunicacionesdelonghi.net\/nutribullet\/wp-json\/wp\/v2\/pages\/393\/revisions\/467"}],"wp:attachment":[{"href":"https:\/\/www.comunicacionesdelonghi.net\/nutribullet\/wp-json\/wp\/v2\/media?parent=393"}],"curies":[{"name":"wp","href":"https:\/\/api.w.org\/{rel}","templated":true}]}}