{"id":285,"date":"2024-07-16T13:10:06","date_gmt":"2024-07-16T11:10:06","guid":{"rendered":"https:\/\/www.comunicacionesdelonghi.net\/nutribullet\/?page_id=285"},"modified":"2024-07-16T13:10:06","modified_gmt":"2024-07-16T11:10:06","slug":"formulario","status":"publish","type":"page","link":"https:\/\/www.comunicacionesdelonghi.net\/nutribullet\/formulario\/","title":{"rendered":"Formulario"},"content":{"rendered":"<p>[et_pb_section fb_built=\u00bb1&#8243; _builder_version=\u00bb4.25.0&#8243; _module_preset=\u00bbdefault\u00bb custom_margin=\u00bb0px||||false|false\u00bb custom_padding=\u00bb0px||||false|false\u00bb global_colors_info=\u00bb{}\u00bb theme_builder_area=\u00bbpost_content\u00bb][et_pb_row _builder_version=\u00bb4.25.0&#8243; _module_preset=\u00bbdefault\u00bb width_tablet=\u00bb\u00bb width_phone=\u00bb100%\u00bb width_last_edited=\u00bbon|phone\u00bb custom_padding=\u00bb0px||||false|false\u00bb global_colors_info=\u00bb{}\u00bb theme_builder_area=\u00bbpost_content\u00bb][et_pb_column type=\u00bb4_4&#8243; _builder_version=\u00bb4.25.0&#8243; _module_preset=\u00bbdefault\u00bb global_colors_info=\u00bb{}\u00bb theme_builder_area=\u00bbpost_content\u00bb][et_pb_image src=\u00bbhttps:\/\/www.comunicacionesdelonghi.net\/nutribullet\/wp-content\/uploads\/2024\/05\/FORMULARIO-CUAL-ES-TU-SUPERPOWER-NUTRIBULLET.jpg\u00bb _builder_version=\u00bb4.25.0&#8243; _module_preset=\u00bbdefault\u00bb global_colors_info=\u00bb{}\u00bb theme_builder_area=\u00bbpost_content\u00bb][\/et_pb_image][et_pb_text _builder_version=\u00bb4.25.0&#8243; _module_preset=\u00bbdefault\u00bb header_2_font=\u00bb|700|||||||\u00bb header_2_text_color=\u00bb#007f54&#8243; header_2_line_height=\u00bb1.1em\u00bb custom_margin=\u00bb||10px||false|false\u00bb custom_padding=\u00bb|15px|0px|15px|false|false\u00bb custom_padding_tablet=\u00bb|15px|0px|15px|false|false\u00bb custom_padding_phone=\u00bb|15px|0px|15px|false|false\u00bb custom_padding_last_edited=\u00bbon|desktop\u00bb global_colors_info=\u00bb{}\u00bb theme_builder_area=\u00bbpost_content\u00bb]<\/p>\n<h2>\u00a1Cu\u00e9ntanos cu\u00e1l es tu Superpower y podr\u00e1s ganar una nutribullet Original o<span> dos tarjetas de viaje de 750\u20ac<\/span>!<\/h2>\n<p>[\/et_pb_text][et_pb_text _builder_version=\u00bb4.25.0&#8243; _module_preset=\u00bbdefault\u00bb text_font_size=\u00bb16px\u00bb text_line_height=\u00bb1em\u00bb custom_padding=\u00bb|10px||10px|false|false\u00bb global_colors_info=\u00bb{}\u00bb theme_builder_area=\u00bbpost_content\u00bb]<\/p>\n<p>Los premios son 100 batidoras Nutribullet Original (NB606DG) y dos tajetas de Viajes El Corte Ingl\u00e9s de 750\u20ac para un solo ganador.<\/p>\n<p>Recuerda que debes ser mayor para participar y residente en Espa\u00f1a. Solamente una participaci\u00f3n por persona.<\/p>\n<p>Promoci\u00f3n v\u00e1lida del 20\/05\/2024 al 30\/06\/2024.<\/p>\n<p>Rellena el siguiente formulario para participar.<\/p>\n<p>[\/et_pb_text][\/et_pb_column][\/et_pb_row][et_pb_row _builder_version=\u00bb4.25.0&#8243; _module_preset=\u00bbdefault\u00bb custom_margin=\u00bb0px||||false|false\u00bb custom_padding=\u00bb0px||||false|false\u00bb global_colors_info=\u00bb{}\u00bb theme_builder_area=\u00bbpost_content\u00bb][et_pb_column type=\u00bb4_4&#8243; _builder_version=\u00bb4.25.0&#8243; _module_preset=\u00bbdefault\u00bb global_colors_info=\u00bb{}\u00bb theme_builder_area=\u00bbpost_content\u00bb][et_pb_text _builder_version=\u00bb4.25.0&#8243; _module_preset=\u00bbdefault\u00bb global_colors_info=\u00bb{}\u00bb theme_builder_area=\u00bbpost_content\u00bb]<\/p>\n\n<p>[\/et_pb_text][\/et_pb_column][\/et_pb_row][\/et_pb_section]<\/p>\n","protected":false},"excerpt":{"rendered":"<p>\u00a1Cu\u00e9ntanos cu\u00e1l es tu Superpower y podr\u00e1s ganar una nutribullet Original o dos tarjetas de viaje de 750\u20ac!Los premios son 100 batidoras Nutribullet Original (NB606DG) y dos tajetas de Viajes El Corte Ingl\u00e9s de 750\u20ac para un solo ganador. Recuerda que debes ser mayor para participar y residente en Espa\u00f1a. Solamente una participaci\u00f3n por persona. [&hellip;]<\/p>\n","protected":false},"author":1,"featured_media":0,"parent":0,"menu_order":0,"comment_status":"closed","ping_status":"closed","template":"","meta":{"_et_pb_use_builder":"on","_et_pb_old_content":"","_et_gb_content_width":"","footnotes":""},"class_list":["post-285","page","type-page","status-publish","hentry"],"_links":{"self":[{"href":"https:\/\/www.comunicacionesdelonghi.net\/nutribullet\/wp-json\/wp\/v2\/pages\/285","targetHints":{"allow":["GET"]}}],"collection":[{"href":"https:\/\/www.comunicacionesdelonghi.net\/nutribullet\/wp-json\/wp\/v2\/pages"}],"about":[{"href":"https:\/\/www.comunicacionesdelonghi.net\/nutribullet\/wp-json\/wp\/v2\/types\/page"}],"author":[{"embeddable":true,"href":"https:\/\/www.comunicacionesdelonghi.net\/nutribullet\/wp-json\/wp\/v2\/users\/1"}],"replies":[{"embeddable":true,"href":"https:\/\/www.comunicacionesdelonghi.net\/nutribullet\/wp-json\/wp\/v2\/comments?post=285"}],"version-history":[{"count":3,"href":"https:\/\/www.comunicacionesdelonghi.net\/nutribullet\/wp-json\/wp\/v2\/pages\/285\/revisions"}],"predecessor-version":[{"id":288,"href":"https:\/\/www.comunicacionesdelonghi.net\/nutribullet\/wp-json\/wp\/v2\/pages\/285\/revisions\/288"}],"wp:attachment":[{"href":"https:\/\/www.comunicacionesdelonghi.net\/nutribullet\/wp-json\/wp\/v2\/media?parent=285"}],"curies":[{"name":"wp","href":"https:\/\/api.w.org\/{rel}","templated":true}]}}